{"id":961,"date":"2022-08-31T07:14:16","date_gmt":"2022-08-31T07:14:16","guid":{"rendered":"https:\/\/demo.creativethemes.com\/elementor\/charity\/?page_id=961"},"modified":"2025-01-25T16:56:36","modified_gmt":"2025-01-25T21:56:36","slug":"mariagraziapantalone","status":"publish","type":"page","link":"https:\/\/mariagraziapantalone.com\/index.php\/mariagraziapantalone\/","title":{"rendered":"Sobre Mar\u00eda Grazia Pantalone"},"content":{"rendered":"\t\t<div data-elementor-type=\"wp-page\" data-elementor-id=\"961\" class=\"elementor elementor-961\" data-elementor-post-type=\"page\">\n\t\t\t\t<div class=\"elementor-element elementor-element-6e8aeb9 e-flex e-con-boxed e-con e-parent\" data-id=\"6e8aeb9\" data-element_type=\"container\" data-e-type=\"container\">\n\t\t\t\t\t<div class=\"e-con-inner\">\n\t\t\t\t<div class=\"elementor-element elementor-element-54bd2ee elementor-widget elementor-widget-image\" data-id=\"54bd2ee\" data-element_type=\"widget\" data-e-type=\"widget\" data-settings=\"{&quot;motion_fx_motion_fx_scrolling&quot;:&quot;yes&quot;,&quot;motion_fx_devices&quot;:[&quot;desktop&quot;,&quot;tablet&quot;,&quot;mobile&quot;]}\" data-widget_type=\"image.default\">\n\t\t\t\t<div class=\"elementor-widget-container\">\n\t\t\t\t\t\t\t\t\t\t\t\t\t\t\t<img fetchpriority=\"high\" decoding=\"async\" width=\"1024\" height=\"576\" src=\"https:\/\/mariagraziapantalone.com\/wp-content\/uploads\/2024\/05\/Mesa-de-trabajo-1-1024x576.png\" class=\"attachment-large size-large wp-image-3597\" alt=\"\" srcset=\"https:\/\/mariagraziapantalone.com\/wp-content\/uploads\/2024\/05\/Mesa-de-trabajo-1-1024x576.png 1024w, https:\/\/mariagraziapantalone.com\/wp-content\/uploads\/2024\/05\/Mesa-de-trabajo-1-300x169.png 300w, https:\/\/mariagraziapantalone.com\/wp-content\/uploads\/2024\/05\/Mesa-de-trabajo-1-768x432.png 768w, https:\/\/mariagraziapantalone.com\/wp-content\/uploads\/2024\/05\/Mesa-de-trabajo-1-1536x864.png 1536w, https:\/\/mariagraziapantalone.com\/wp-content\/uploads\/2024\/05\/Mesa-de-trabajo-1-600x338.png 600w, https:\/\/mariagraziapantalone.com\/wp-content\/uploads\/2024\/05\/Mesa-de-trabajo-1.png 1920w\" sizes=\"(max-width: 1024px) 100vw, 1024px\" \/>\t\t\t\t\t\t\t\t\t\t\t\t\t\t\t<\/div>\n\t\t\t\t<\/div>\n\t\t\t\t\t<\/div>\n\t\t\t\t<\/div>\n\t\t<div class=\"elementor-element elementor-element-b4c5377 e-flex e-con-boxed e-con e-parent\" data-id=\"b4c5377\" data-element_type=\"container\" data-e-type=\"container\">\n\t\t\t\t\t<div class=\"e-con-inner\">\n\t\t\t\t<div class=\"elementor-element elementor-element-9046c06 elementor-widget elementor-widget-heading\" data-id=\"9046c06\" data-element_type=\"widget\" data-e-type=\"widget\" data-widget_type=\"heading.default\">\n\t\t\t\t<div class=\"elementor-widget-container\">\n\t\t\t\t\t<h2 class=\"elementor-heading-title elementor-size-default\">Mar\u00eda Grazia Pantalone<\/h2>\t\t\t\t<\/div>\n\t\t\t\t<\/div>\n\t\t\t\t\t<\/div>\n\t\t\t\t<\/div>\n\t\t<div class=\"elementor-element elementor-element-c91e05e e-flex e-con-boxed e-con e-parent\" data-id=\"c91e05e\" data-element_type=\"container\" data-e-type=\"container\">\n\t\t\t\t\t<div class=\"e-con-inner\">\n\t\t\t\t<div class=\"elementor-element elementor-element-1f9786c elementor-widget elementor-widget-text-editor\" data-id=\"1f9786c\" data-element_type=\"widget\" data-e-type=\"widget\" data-widget_type=\"text-editor.default\">\n\t\t\t\t<div class=\"elementor-widget-container\">\n\t\t\t\t\t\t\t\t\t<p style=\"font-weight: 400;\">Mi pasi\u00f3n por los misterios del cosmos y la sanaci\u00f3n me estimularon, durante m\u00e1s de 30 a\u00f1os, a aprender la ciencia de la Astrolog\u00eda, la Numerolog\u00eda y las diciplinas que contribuyen a entender y comprender el funcionamiento del cuerpo corporal sensorial que somos. Un deseo que me convirti\u00f3 en una estudiosa permanente de estos temas, me estimul\u00f3 a \u00a0formarme en la disciplinas relacionadas y a estructurar la disciplina de Astro Coaching como medio id\u00f3neo para crear consciencia.<\/p><p style=\"font-weight: 400;\">Adicionalmente a ello, soy un practicante de la medicina alternativa como la Hol\u00edstica, percepci\u00f3n de la enfermedad como un todo; la acupuntura, medicina tradicional china; la Sanaci\u00f3n Pr\u00e1nica, relacionada con el campo energ\u00e9tico personal; las esencias florales, los cristales, el cuenco tibetano,\u00a0la\u00a0cromoterapia, utilizaci\u00f3n del color para restablecer el equilibrio y el Thetahealing, practica utilizadas\u00a0para\u00a0balancear, armonizar y transformar los procesos del cuerpo. Todo un c\u00famulo de conocimientos que requieren, para ser aplicadas, descubrir el origen de la dolencia; una exigencia que requiere del conocimiento global del ser humano. Para ello, en particular, requerimos saber la causa que lo origina. El Coaching utiliza fundamentalmente la escucha para que el consultante se diga a si mismo lo que tiene; una t\u00e9cnica eficaz que puede nutrirse \u00a0de los elementos intervinientes que el consultante no tiene presente o no tiene consciencia y que pueden obtenerse a trav\u00e9s de las Constelaciones familiares y los Registros Ak\u00e1shicos.\u00a0Compendio de todos los acontecimientos, pensamientos, palabras, emociones e intenciones universales\u00a0que le han ocurrido en el pasado, presente o futuro; enmarcado dentro de la\u00a0F\u00edsica Cu\u00e1ntica y apoyado de herramientas como el P\u00e9ndulo, la Radiestesia y la Radi\u00f3nica, entre otros.<\/p><p style=\"font-weight: 400;\">El aprendizaje de todas estas competencias me ha servido de plataforma para comprender la vida y sobre todo: proponerme emprender la misi\u00f3n de ayudar a los dem\u00e1s con la alegr\u00eda que produce la plenitud del dar. Un soporte que estimula el actuar con amor ante cualquier evento y permiten que las personas generen autoconocimiento y el desarrollo de su transformaci\u00f3n personal.<\/p><p style=\"font-weight: 400;\">En resumen, al finalizar el curso elegido, conocer\u00e1s la sabidur\u00eda ancestral relacionada con el tema, utilizar las herramientas adecuadas para tomar consciencia y gestionar tu vida con con certeza claridad y prop\u00f3sito.<\/p><p style=\"font-weight: 400;\">Es mi compromiso ofrecer sesiones transformadoras que te permitan empoderarte\u00a0y vivir desde la autenticidad m\u00e1s profunda, alineado con el prop\u00f3sito y la armon\u00eda que te brinda el universo.<\/p><p style=\"font-weight: 400;\">En cada consulta, relaci\u00f3n u oportunidad disfrutar\u00e1s de un viaje hacia el descubrimiento personal, utilizando a las posibilidades establecidas que nos brinda la vida.<\/p>\t\t\t\t\t\t\t\t<\/div>\n\t\t\t\t<\/div>\n\t\t\t\t\t<\/div>\n\t\t\t\t<\/div>\n\t\t<div class=\"elementor-element elementor-element-5ce0a0f e-flex e-con-boxed e-con e-parent\" data-id=\"5ce0a0f\" data-element_type=\"container\" data-e-type=\"container\">\n\t\t\t\t\t<div class=\"e-con-inner\">\n\t\t\t\t<div class=\"elementor-element elementor-element-7cc9f70 elementor-align-center elementor-widget elementor-widget-button\" data-id=\"7cc9f70\" data-element_type=\"widget\" data-e-type=\"widget\" data-settings=\"{&quot;motion_fx_motion_fx_scrolling&quot;:&quot;yes&quot;,&quot;motion_fx_devices&quot;:[&quot;desktop&quot;,&quot;tablet&quot;,&quot;mobile&quot;]}\" data-widget_type=\"button.default\">\n\t\t\t\t<div class=\"elementor-widget-container\">\n\t\t\t\t\t\t\t\t\t<div class=\"elementor-button-wrapper\">\n\t\t\t\t\t<a class=\"elementor-button elementor-button-link elementor-size-sm elementor-animation-grow\" href=\"https:\/\/mariagraziapantalone.com\/\">\n\t\t\t\t\t\t<span class=\"elementor-button-content-wrapper\">\n\t\t\t\t\t\t<span class=\"elementor-button-icon\">\n\t\t\t\t<svg aria-hidden=\"true\" class=\"e-font-icon-svg e-fas-home\" viewBox=\"0 0 576 512\" xmlns=\"http:\/\/www.w3.org\/2000\/svg\"><path d=\"M280.37 148.26L96 300.11V464a16 16 0 0 0 16 16l112.06-.29a16 16 0 0 0 15.92-16V368a16 16 0 0 1 16-16h64a16 16 0 0 1 16 16v95.64a16 16 0 0 0 16 16.05L464 480a16 16 0 0 0 16-16V300L295.67 148.26a12.19 12.19 0 0 0-15.3 0zM571.6 251.47L488 182.56V44.05a12 12 0 0 0-12-12h-56a12 12 0 0 0-12 12v72.61L318.47 43a48 48 0 0 0-61 0L4.34 251.47a12 12 0 0 0-1.6 16.9l25.5 31A12 12 0 0 0 45.15 301l235.22-193.74a12.19 12.19 0 0 1 15.3 0L530.9 301a12 12 0 0 0 16.9-1.6l25.5-31a12 12 0 0 0-1.7-16.93z\"><\/path><\/svg>\t\t\t<\/span>\n\t\t\t\t\t\t\t\t<\/span>\n\t\t\t\t\t<\/a>\n\t\t\t\t<\/div>\n\t\t\t\t\t\t\t\t<\/div>\n\t\t\t\t<\/div>\n\t\t\t\t\t<\/div>\n\t\t\t\t<\/div>\n\t\t\t\t<\/div>\n\t\t","protected":false},"excerpt":{"rendered":"<p>Mar\u00eda Grazia Pantalone Mi pasi\u00f3n por los misterios del cosmos y la sanaci\u00f3n me estimularon, durante m\u00e1s de 30 a\u00f1os, a aprender la ciencia de la Astrolog\u00eda, la Numerolog\u00eda y las diciplinas que contribuyen a entender y comprender el funcionamiento del cuerpo corporal sensorial que somos. Un deseo que me convirti\u00f3 en una estudiosa permanente [&hellip;]<\/p>\n","protected":false},"author":1,"featured_media":213,"parent":0,"menu_order":0,"comment_status":"closed","ping_status":"closed","template":"","meta":{"footnotes":""},"class_list":["post-961","page","type-page","status-publish","has-post-thumbnail","hentry"],"blocksy_meta":{"styles_descriptor":{"styles":{"desktop":"","tablet":"","mobile":""},"google_fonts":[],"version":6}},"_links":{"self":[{"href":"https:\/\/mariagraziapantalone.com\/index.php\/wp-json\/wp\/v2\/pages\/961","targetHints":{"allow":["GET"]}}],"collection":[{"href":"https:\/\/mariagraziapantalone.com\/index.php\/wp-json\/wp\/v2\/pages"}],"about":[{"href":"https:\/\/mariagraziapantalone.com\/index.php\/wp-json\/wp\/v2\/types\/page"}],"author":[{"embeddable":true,"href":"https:\/\/mariagraziapantalone.com\/index.php\/wp-json\/wp\/v2\/users\/1"}],"replies":[{"embeddable":true,"href":"https:\/\/mariagraziapantalone.com\/index.php\/wp-json\/wp\/v2\/comments?post=961"}],"version-history":[{"count":25,"href":"https:\/\/mariagraziapantalone.com\/index.php\/wp-json\/wp\/v2\/pages\/961\/revisions"}],"predecessor-version":[{"id":5375,"href":"https:\/\/mariagraziapantalone.com\/index.php\/wp-json\/wp\/v2\/pages\/961\/revisions\/5375"}],"wp:featuredmedia":[{"embeddable":true,"href":"https:\/\/mariagraziapantalone.com\/index.php\/wp-json\/wp\/v2\/media\/213"}],"wp:attachment":[{"href":"https:\/\/mariagraziapantalone.com\/index.php\/wp-json\/wp\/v2\/media?parent=961"}],"curies":[{"name":"wp","href":"https:\/\/api.w.org\/{rel}","templated":true}]}}